{"id":271,"date":"2024-09-18T23:59:48","date_gmt":"2024-09-18T23:59:48","guid":{"rendered":"https:\/\/nicolestore.uy\/?post_type=product&#038;p=271"},"modified":"2024-12-11T12:21:16","modified_gmt":"2024-12-11T12:21:16","slug":"primers-pre-bases-de-color-para-preparar-la-piel-antes-de-aplicar-el-maquillaje","status":"publish","type":"product","link":"https:\/\/nicolestore.uy\/index.php\/producto\/primers-pre-bases-de-color-para-preparar-la-piel-antes-de-aplicar-el-maquillaje\/","title":{"rendered":"Primers\/pre-bases de color para preparar la piel antes de aplicar el maquillaje"},"content":{"rendered":"<h4><span style=\"color: #4b172f;\">Descripci\u00f3n del producto:<\/span><\/h4>\n<p>&nbsp;<\/p>\n<p>Dejan la piel uniforme y un mejor acabado de los productos cosm\u00e9ticos que se coloquen luego.<\/p>\n<p>\ud83e\udd0d El color blanco sirve para iluminar el rostro y uniformar el tono. Ideal para pieles que se vean apagadas o cansadas ya que da luz y un aspecto m\u00e1s fresco y luminoso a tu piel \u2728<\/p>\n<p>\ud83d\udc99 El color azul\/celeste ayuda a igualar el tono de la piel ya que oculta las manchas e imperfecciones de color naranja o amarillentas en el rostro \ud83d\udca5<\/p>\n<p>\ud83d\udc9c El color morado\/lila es ideal para pieles que tengan un tono amarillento apagado. Muchas veces el ambiente, la contaminaci\u00f3n, y el mismo aire pueden causar que la piel tenga estas caracter\u00edsticas. Con el morado se neutraliza este tono y le da m\u00e1s vida al rostro \ud83e\udd70<\/p>\n","protected":false},"excerpt":{"rendered":"<p>Descripci\u00f3n del producto: &nbsp; Dejan la piel uniforme y un mejor acabado de los productos cosm\u00e9ticos que se coloquen luego. [&hellip;]<\/p>\n","protected":false},"featured_media":272,"template":"","meta":{"site-sidebar-layout":"default","site-content-layout":"","ast-site-content-layout":"default","site-content-style":"default","site-sidebar-style":"default","ast-global-header-display":"","ast-banner-title-visibility":"","ast-main-header-display":"","ast-hfb-above-header-display":"","ast-hfb-below-header-display":"","ast-hfb-mobile-header-display":"","site-post-title":"","ast-breadcrumbs-content":"","ast-featured-img":"","footer-sml-layout":"","ast-disable-related-posts":"","theme-transparent-header-meta":"default","adv-header-id-meta":"","stick-header-meta":"","header-above-stick-meta":"","header-main-stick-meta":"","header-below-stick-meta":"","astra-migrate-meta-layouts":"set","ast-page-background-enabled":"default","ast-page-background-meta":{"desktop":{"background-color":"var(--ast-global-color-4)","background-image":"","background-repeat":"repeat","background-position":"center center","background-size":"auto","background-attachment":"scroll","background-type":"","background-media":"","overlay-type":"","overlay-color":"","overlay-opacity":"","overlay-gradient":""},"tablet":{"background-color":"","background-image":"","background-repeat":"repeat","background-position":"center center","background-size":"auto","background-attachment":"scroll","background-type":"","background-media":"","overlay-type":"","overlay-color":"","overlay-opacity":"","overlay-gradient":""},"mobile":{"background-color":"","background-image":"","background-repeat":"repeat","background-position":"center center","background-size":"auto","background-attachment":"scroll","background-type":"","background-media":"","overlay-type":"","overlay-color":"","overlay-opacity":"","overlay-gradient":""}},"ast-content-background-meta":{"desktop":{"background-color":"var(--ast-global-color-5)","background-image":"","background-repeat":"repeat","background-position":"center center","background-size":"auto","background-attachment":"scroll","background-type":"","background-media":"","overlay-type":"","overlay-color":"","overlay-opacity":"","overlay-gradient":""},"tablet":{"background-color":"var(--ast-global-color-5)","background-image":"","background-repeat":"repeat","background-position":"center center","background-size":"auto","background-attachment":"scroll","background-type":"","background-media":"","overlay-type":"","overlay-color":"","overlay-opacity":"","overlay-gradient":""},"mobile":{"background-color":"var(--ast-global-color-5)","background-image":"","background-repeat":"repeat","background-position":"center center","background-size":"auto","background-attachment":"scroll","background-type":"","background-media":"","overlay-type":"","overlay-color":"","overlay-opacity":"","overlay-gradient":""}}},"product_brand":[],"product_cat":[39],"product_tag":[],"class_list":{"0":"post-271","1":"product","2":"type-product","3":"status-publish","4":"has-post-thumbnail","6":"product_cat-primers-y-pre-bases","7":"desktop-align-left","8":"tablet-align-left","9":"mobile-align-left","11":"first","12":"outofstock","13":"shipping-taxable","14":"product-type-variable"},"jetpack_sharing_enabled":true,"_links":{"self":[{"href":"https:\/\/nicolestore.uy\/index.php\/wp-json\/wp\/v2\/product\/271","targetHints":{"allow":["GET"]}}],"collection":[{"href":"https:\/\/nicolestore.uy\/index.php\/wp-json\/wp\/v2\/product"}],"about":[{"href":"https:\/\/nicolestore.uy\/index.php\/wp-json\/wp\/v2\/types\/product"}],"version-history":[{"count":3,"href":"https:\/\/nicolestore.uy\/index.php\/wp-json\/wp\/v2\/product\/271\/revisions"}],"predecessor-version":[{"id":2959,"href":"https:\/\/nicolestore.uy\/index.php\/wp-json\/wp\/v2\/product\/271\/revisions\/2959"}],"wp:featuredmedia":[{"embeddable":true,"href":"https:\/\/nicolestore.uy\/index.php\/wp-json\/wp\/v2\/media\/272"}],"wp:attachment":[{"href":"https:\/\/nicolestore.uy\/index.php\/wp-json\/wp\/v2\/media?parent=271"}],"wp:term":[{"taxonomy":"product_brand","embeddable":true,"href":"https:\/\/nicolestore.uy\/index.php\/wp-json\/wp\/v2\/product_brand?post=271"},{"taxonomy":"product_cat","embeddable":true,"href":"https:\/\/nicolestore.uy\/index.php\/wp-json\/wp\/v2\/product_cat?post=271"},{"taxonomy":"product_tag","embeddable":true,"href":"https:\/\/nicolestore.uy\/index.php\/wp-json\/wp\/v2\/product_tag?post=271"}],"curies":[{"name":"wp","href":"https:\/\/api.w.org\/{rel}","templated":true}]}}