{"id":380,"date":"2024-09-19T22:32:43","date_gmt":"2024-09-19T22:32:43","guid":{"rendered":"https:\/\/nicolestore.uy\/?post_type=product&#038;p=380"},"modified":"2025-07-01T13:16:28","modified_gmt":"2025-07-01T13:16:28","slug":"gel-crema-antiacne-secativo-para-granitos-localizados-phallebeauty-15grs","status":"publish","type":"product","link":"https:\/\/nicolestore.uy\/index.php\/producto\/gel-crema-antiacne-secativo-para-granitos-localizados-phallebeauty-15grs\/","title":{"rendered":"Gel crema Antiacn\u00e9 secativo para granitos localizados, Phallebeauty, 15grs"},"content":{"rendered":"<h4><span style=\"color: #4b172f\">Descripci\u00f3n del producto:<\/span><\/h4>\n<p>&nbsp;<\/p>\n<p>Eficacia completa<br \/>\nDermatol\u00f3gicamente testeado<br \/>\nReduce la tonalidad roja del acn\u00e9<br \/>\nDesobstruye y minimiza poros dilatados<br \/>\nNo irrita la piel<br \/>\nR\u00e1pida absorci\u00f3n<br \/>\nSin aceite<br \/>\nPara pieles acneicas<\/p>\n","protected":false},"excerpt":{"rendered":"<p>Descripci\u00f3n del producto: &nbsp; Eficacia completa Dermatol\u00f3gicamente testeado Reduce la tonalidad roja del acn\u00e9 Desobstruye y minimiza poros dilatados No [&hellip;]<\/p>\n","protected":false},"featured_media":381,"template":"","meta":{"site-sidebar-layout":"default","site-content-layout":"","ast-site-content-layout":"default","site-content-style":"default","site-sidebar-style":"default","ast-global-header-display":"","ast-banner-title-visibility":"","ast-main-header-display":"","ast-hfb-above-header-display":"","ast-hfb-below-header-display":"","ast-hfb-mobile-header-display":"","site-post-title":"","ast-breadcrumbs-content":"","ast-featured-img":"","footer-sml-layout":"","ast-disable-related-posts":"","theme-transparent-header-meta":"default","adv-header-id-meta":"","stick-header-meta":"","header-above-stick-meta":"","header-main-stick-meta":"","header-below-stick-meta":"","astra-migrate-meta-layouts":"set","ast-page-background-enabled":"default","ast-page-background-meta":{"desktop":{"background-color":"var(--ast-global-color-4)","background-image":"","background-repeat":"repeat","background-position":"center center","background-size":"auto","background-attachment":"scroll","background-type":"","background-media":"","overlay-type":"","overlay-color":"","overlay-opacity":"","overlay-gradient":""},"tablet":{"background-color":"","background-image":"","background-repeat":"repeat","background-position":"center center","background-size":"auto","background-attachment":"scroll","background-type":"","background-media":"","overlay-type":"","overlay-color":"","overlay-opacity":"","overlay-gradient":""},"mobile":{"background-color":"","background-image":"","background-repeat":"repeat","background-position":"center center","background-size":"auto","background-attachment":"scroll","background-type":"","background-media":"","overlay-type":"","overlay-color":"","overlay-opacity":"","overlay-gradient":""}},"ast-content-background-meta":{"desktop":{"background-color":"var(--ast-global-color-5)","background-image":"","background-repeat":"repeat","background-position":"center center","background-size":"auto","background-attachment":"scroll","background-type":"","background-media":"","overlay-type":"","overlay-color":"","overlay-opacity":"","overlay-gradient":""},"tablet":{"background-color":"var(--ast-global-color-5)","background-image":"","background-repeat":"repeat","background-position":"center center","background-size":"auto","background-attachment":"scroll","background-type":"","background-media":"","overlay-type":"","overlay-color":"","overlay-opacity":"","overlay-gradient":""},"mobile":{"background-color":"var(--ast-global-color-5)","background-image":"","background-repeat":"repeat","background-position":"center center","background-size":"auto","background-attachment":"scroll","background-type":"","background-media":"","overlay-type":"","overlay-color":"","overlay-opacity":"","overlay-gradient":""}}},"product_brand":[],"product_cat":[50],"product_tag":[],"class_list":{"0":"post-380","1":"product","2":"type-product","3":"status-publish","4":"has-post-thumbnail","6":"product_cat-cremas-y-geles-hidratantes","7":"desktop-align-left","8":"tablet-align-left","9":"mobile-align-left","11":"first","12":"outofstock","13":"shipping-taxable","14":"purchasable","15":"product-type-simple"},"jetpack_sharing_enabled":true,"_links":{"self":[{"href":"https:\/\/nicolestore.uy\/index.php\/wp-json\/wp\/v2\/product\/380","targetHints":{"allow":["GET"]}}],"collection":[{"href":"https:\/\/nicolestore.uy\/index.php\/wp-json\/wp\/v2\/product"}],"about":[{"href":"https:\/\/nicolestore.uy\/index.php\/wp-json\/wp\/v2\/types\/product"}],"version-history":[{"count":7,"href":"https:\/\/nicolestore.uy\/index.php\/wp-json\/wp\/v2\/product\/380\/revisions"}],"predecessor-version":[{"id":5066,"href":"https:\/\/nicolestore.uy\/index.php\/wp-json\/wp\/v2\/product\/380\/revisions\/5066"}],"wp:featuredmedia":[{"embeddable":true,"href":"https:\/\/nicolestore.uy\/index.php\/wp-json\/wp\/v2\/media\/381"}],"wp:attachment":[{"href":"https:\/\/nicolestore.uy\/index.php\/wp-json\/wp\/v2\/media?parent=380"}],"wp:term":[{"taxonomy":"product_brand","embeddable":true,"href":"https:\/\/nicolestore.uy\/index.php\/wp-json\/wp\/v2\/product_brand?post=380"},{"taxonomy":"product_cat","embeddable":true,"href":"https:\/\/nicolestore.uy\/index.php\/wp-json\/wp\/v2\/product_cat?post=380"},{"taxonomy":"product_tag","embeddable":true,"href":"https:\/\/nicolestore.uy\/index.php\/wp-json\/wp\/v2\/product_tag?post=380"}],"curies":[{"name":"wp","href":"https:\/\/api.w.org\/{rel}","templated":true}]}}