{"id":382,"date":"2024-09-19T22:38:09","date_gmt":"2024-09-19T22:38:09","guid":{"rendered":"https:\/\/nicolestore.uy\/?post_type=product&#038;p=382"},"modified":"2025-01-03T23:10:19","modified_gmt":"2025-01-03T23:10:19","slug":"serum-3-en-1-vitamina-c-acido-hialuronico-rosa-mosqueta-max-love-30ml","status":"publish","type":"product","link":"https:\/\/nicolestore.uy\/index.php\/producto\/serum-3-en-1-vitamina-c-acido-hialuronico-rosa-mosqueta-max-love-30ml\/","title":{"rendered":"S\u00e9rum 3 en 1: Vitamina C, \u00c1cido Hialur\u00f3nico, Rosa Mosqueta, Max Love, 30mL"},"content":{"rendered":"<h4><span style=\"color: #4b172f\">Descripci\u00f3n del producto:<\/span><\/h4>\n<p>&nbsp;<\/p>\n<p>S\u00e9rum 3 en 1; los 3 activos m\u00e1s vendidos juntos en un s\u00f3lo producto:<br \/>\n&#8211; Vitamina C<br \/>\n&#8211; Rosa mosqueta<br \/>\n&#8211; \u00c1cido hialur\u00f3nico<\/p>\n<p>Piel hidratada, suave e iluminada. Todos los siguientes beneficios est\u00e1n en este mismo producto:<\/p>\n<p>Beneficios Vitamina C:<br \/>\n&#8211; Mejora notoriamente el aspecto de manchas en la piel.<br \/>\n&#8211; Es un activo anti-edad.<br \/>\n&#8211; Potente antioxidante. Neutraliza el estr\u00e9s oxidativo de la piel evitando el envejecimiento prematuro.<br \/>\n&#8211; Previene y corrige signos de envejecimiento como l\u00edneas de expresi\u00f3n y arrugas.<br \/>\n&#8211; Aten\u00faa cicatrices.<br \/>\n&#8211; Unifica el tono.<br \/>\n&#8211; Aporta luminosidad.<br \/>\n&#8211; Aumenta la producci\u00f3n de col\u00e1geno.<br \/>\n&#8211; Protege contra da\u00f1o de los rayos UV.<\/p>\n<p>Beneficios Rosa Mosqueta:<br \/>\n&#8211; Tiene propiedades regenerativas de la piel.<br \/>\n&#8211; Ideal para pieles con acn\u00e9, cicatrices, quemaduras y marcas.<br \/>\n&#8211; Regenerador de las c\u00e9lulas.<\/p>\n<p>Beneficios \u00c1cido hialur\u00f3nico:<br \/>\n&#8211; Aporta hidrataci\u00f3n.<br \/>\n&#8211; Excelente humectante de la piel.<br \/>\n&#8211; Protege de agentes externos.<br \/>\n&#8211; Reafirma y tensa la piel.<br \/>\n&#8211; Deja una textura m\u00e1s suave.<br \/>\n&#8211; Reduce tama\u00f1o y visibilidad de l\u00edneas finas y arrugas.<br \/>\n&#8211; Ayuda a estimular a las c\u00e9lulas en la producci\u00f3n de col\u00e1geno y elastina.<br \/>\n&#8211; Estimula regeneraci\u00f3n celular.<br \/>\n&#8211; Reduce y previene manchas de la edad y problemas de pigmentaci\u00f3n.<br \/>\n&#8211; Impide la sobreproducci\u00f3n de aceite que obstruye los poros y conlleva a acn\u00e9 y comedones.<\/p>\n<p>Producto vegano, libre de parabenos y libre de petrolatos.<\/p>\n","protected":false},"excerpt":{"rendered":"<p>Descripci\u00f3n del producto: &nbsp; S\u00e9rum 3 en 1; los 3 activos m\u00e1s vendidos juntos en un s\u00f3lo producto: &#8211; Vitamina [&hellip;]<\/p>\n","protected":false},"featured_media":383,"template":"","meta":{"site-sidebar-layout":"default","site-content-layout":"","ast-site-content-layout":"default","site-content-style":"default","site-sidebar-style":"default","ast-global-header-display":"","ast-banner-title-visibility":"","ast-main-header-display":"","ast-hfb-above-header-display":"","ast-hfb-below-header-display":"","ast-hfb-mobile-header-display":"","site-post-title":"","ast-breadcrumbs-content":"","ast-featured-img":"","footer-sml-layout":"","ast-disable-related-posts":"","theme-transparent-header-meta":"default","adv-header-id-meta":"","stick-header-meta":"","header-above-stick-meta":"","header-main-stick-meta":"","header-below-stick-meta":"","astra-migrate-meta-layouts":"set","ast-page-background-enabled":"default","ast-page-background-meta":{"desktop":{"background-color":"var(--ast-global-color-4)","background-image":"","background-repeat":"repeat","background-position":"center center","background-size":"auto","background-attachment":"scroll","background-type":"","background-media":"","overlay-type":"","overlay-color":"","overlay-opacity":"","overlay-gradient":""},"tablet":{"background-color":"","background-image":"","background-repeat":"repeat","background-position":"center center","background-size":"auto","background-attachment":"scroll","background-type":"","background-media":"","overlay-type":"","overlay-color":"","overlay-opacity":"","overlay-gradient":""},"mobile":{"background-color":"","background-image":"","background-repeat":"repeat","background-position":"center center","background-size":"auto","background-attachment":"scroll","background-type":"","background-media":"","overlay-type":"","overlay-color":"","overlay-opacity":"","overlay-gradient":""}},"ast-content-background-meta":{"desktop":{"background-color":"var(--ast-global-color-5)","background-image":"","background-repeat":"repeat","background-position":"center center","background-size":"auto","background-attachment":"scroll","background-type":"","background-media":"","overlay-type":"","overlay-color":"","overlay-opacity":"","overlay-gradient":""},"tablet":{"background-color":"var(--ast-global-color-5)","background-image":"","background-repeat":"repeat","background-position":"center center","background-size":"auto","background-attachment":"scroll","background-type":"","background-media":"","overlay-type":"","overlay-color":"","overlay-opacity":"","overlay-gradient":""},"mobile":{"background-color":"var(--ast-global-color-5)","background-image":"","background-repeat":"repeat","background-position":"center center","background-size":"auto","background-attachment":"scroll","background-type":"","background-media":"","overlay-type":"","overlay-color":"","overlay-opacity":"","overlay-gradient":""}}},"product_brand":[],"product_cat":[48],"product_tag":[],"class_list":{"0":"post-382","1":"product","2":"type-product","3":"status-publish","4":"has-post-thumbnail","6":"product_cat-serum-y-aceites","7":"desktop-align-left","8":"tablet-align-left","9":"mobile-align-left","11":"first","12":"outofstock","13":"shipping-taxable","14":"purchasable","15":"product-type-simple"},"jetpack_sharing_enabled":true,"_links":{"self":[{"href":"https:\/\/nicolestore.uy\/index.php\/wp-json\/wp\/v2\/product\/382","targetHints":{"allow":["GET"]}}],"collection":[{"href":"https:\/\/nicolestore.uy\/index.php\/wp-json\/wp\/v2\/product"}],"about":[{"href":"https:\/\/nicolestore.uy\/index.php\/wp-json\/wp\/v2\/types\/product"}],"version-history":[{"count":4,"href":"https:\/\/nicolestore.uy\/index.php\/wp-json\/wp\/v2\/product\/382\/revisions"}],"predecessor-version":[{"id":3890,"href":"https:\/\/nicolestore.uy\/index.php\/wp-json\/wp\/v2\/product\/382\/revisions\/3890"}],"wp:featuredmedia":[{"embeddable":true,"href":"https:\/\/nicolestore.uy\/index.php\/wp-json\/wp\/v2\/media\/383"}],"wp:attachment":[{"href":"https:\/\/nicolestore.uy\/index.php\/wp-json\/wp\/v2\/media?parent=382"}],"wp:term":[{"taxonomy":"product_brand","embeddable":true,"href":"https:\/\/nicolestore.uy\/index.php\/wp-json\/wp\/v2\/product_brand?post=382"},{"taxonomy":"product_cat","embeddable":true,"href":"https:\/\/nicolestore.uy\/index.php\/wp-json\/wp\/v2\/product_cat?post=382"},{"taxonomy":"product_tag","embeddable":true,"href":"https:\/\/nicolestore.uy\/index.php\/wp-json\/wp\/v2\/product_tag?post=382"}],"curies":[{"name":"wp","href":"https:\/\/api.w.org\/{rel}","templated":true}]}}