{"id":385,"date":"2024-09-19T22:39:10","date_gmt":"2024-09-19T22:39:10","guid":{"rendered":"https:\/\/nicolestore.uy\/?post_type=product&#038;p=385"},"modified":"2025-04-08T21:42:23","modified_gmt":"2025-04-08T21:42:23","slug":"serum-facial-vitamina-c-10-activos-en-un-solo-producto-max-love-30ml","status":"publish","type":"product","link":"https:\/\/nicolestore.uy\/index.php\/producto\/serum-facial-vitamina-c-10-activos-en-un-solo-producto-max-love-30ml\/","title":{"rendered":"S\u00e9rum facial Vitamina C, 10 activos en un s\u00f3lo producto, Max Love, 30mL"},"content":{"rendered":"<h4><span style=\"color: #4b172f\">Descripci\u00f3n del producto:<\/span><\/h4>\n<p>&nbsp;<\/p>\n<p>Contiene:<br \/>\n-Vitamina C<br \/>\n-Hialuronato de sodio<br \/>\n-D-Pantenol<br \/>\n-Niacinamida<br \/>\n-Extracto de flor de laranjeira<br \/>\n-Extracto de lim\u00f3n siciliano<br \/>\n-Hidrolato de mandarina<br \/>\n-Hidrolato de capim limao<br \/>\n-Extracto de pi\u00f1a<br \/>\n-Vitamina E<\/p>\n<p>Acci\u00f3n antioxidante e hidratante. Hidrata, suaviza y tonifica.<\/p>\n<p>Vegano, libre de parabenos y libre de vaselina.<\/p>\n<p>Para todo tipo de pieles.<\/p>\n<p>Max Love es una marca que ofrece una variedad de productos para el cuidado de la piel facial. Si busc\u00e1s protegerla y mantenerla en forma, esta puede ser una buena opci\u00f3n.<\/p>\n<p>Libre de parabenos<br \/>\nLos productos libres de parabenos son una buena opci\u00f3n para el cuidado de pieles sensibles o para quienes eligen productos sin conservantes artificiales.<\/p>\n<p>Beneficios de la Vitamina C en la piel:<\/p>\n<p>La vitamina C es un activo anti-edad y un potente antioxidante. Esto quiere decir que neutraliza el estr\u00e9s oxidativo de la piel, y de esta manera previene y evita el envejecimiento prematuro.<\/p>\n<p>Adem\u00e1s de ser anti-age, mejora notoriamente el aspecto de manchas y la hiperpigmentacion que pueda tener la piel, unificando el tono y dejando la piel mucho m\u00e1s uniforme.<\/p>\n<p>Previene y corrige signos de envejecimiento tales c\u00f3mo l\u00edneas de expresi\u00f3n y arrugas. Tambi\u00e9n aten\u00faa cicatrices.<\/p>\n<p>Le da mayor luminosidad al rostro desde el d\u00eda 1.<\/p>\n<p>Y adem\u00e1s de todo protege contra da\u00f1o de los rayos UV. Siempre hay que usarlo con protecci\u00f3n solar ya que por si sola no nos puede proteger de toda la radiaci\u00f3n de los rayos solares.<\/p>\n","protected":false},"excerpt":{"rendered":"<p>Descripci\u00f3n del producto: &nbsp; Contiene: -Vitamina C -Hialuronato de sodio -D-Pantenol -Niacinamida -Extracto de flor de laranjeira -Extracto de lim\u00f3n [&hellip;]<\/p>\n","protected":false},"featured_media":386,"template":"","meta":{"site-sidebar-layout":"default","site-content-layout":"","ast-site-content-layout":"default","site-content-style":"default","site-sidebar-style":"default","ast-global-header-display":"","ast-banner-title-visibility":"","ast-main-header-display":"","ast-hfb-above-header-display":"","ast-hfb-below-header-display":"","ast-hfb-mobile-header-display":"","site-post-title":"","ast-breadcrumbs-content":"","ast-featured-img":"","footer-sml-layout":"","ast-disable-related-posts":"","theme-transparent-header-meta":"default","adv-header-id-meta":"","stick-header-meta":"","header-above-stick-meta":"","header-main-stick-meta":"","header-below-stick-meta":"","astra-migrate-meta-layouts":"set","ast-page-background-enabled":"default","ast-page-background-meta":{"desktop":{"background-color":"var(--ast-global-color-4)","background-image":"","background-repeat":"repeat","background-position":"center center","background-size":"auto","background-attachment":"scroll","background-type":"","background-media":"","overlay-type":"","overlay-color":"","overlay-opacity":"","overlay-gradient":""},"tablet":{"background-color":"","background-image":"","background-repeat":"repeat","background-position":"center center","background-size":"auto","background-attachment":"scroll","background-type":"","background-media":"","overlay-type":"","overlay-color":"","overlay-opacity":"","overlay-gradient":""},"mobile":{"background-color":"","background-image":"","background-repeat":"repeat","background-position":"center center","background-size":"auto","background-attachment":"scroll","background-type":"","background-media":"","overlay-type":"","overlay-color":"","overlay-opacity":"","overlay-gradient":""}},"ast-content-background-meta":{"desktop":{"background-color":"var(--ast-global-color-5)","background-image":"","background-repeat":"repeat","background-position":"center center","background-size":"auto","background-attachment":"scroll","background-type":"","background-media":"","overlay-type":"","overlay-color":"","overlay-opacity":"","overlay-gradient":""},"tablet":{"background-color":"var(--ast-global-color-5)","background-image":"","background-repeat":"repeat","background-position":"center center","background-size":"auto","background-attachment":"scroll","background-type":"","background-media":"","overlay-type":"","overlay-color":"","overlay-opacity":"","overlay-gradient":""},"mobile":{"background-color":"var(--ast-global-color-5)","background-image":"","background-repeat":"repeat","background-position":"center center","background-size":"auto","background-attachment":"scroll","background-type":"","background-media":"","overlay-type":"","overlay-color":"","overlay-opacity":"","overlay-gradient":""}}},"product_brand":[],"product_cat":[48],"product_tag":[],"class_list":{"0":"post-385","1":"product","2":"type-product","3":"status-publish","4":"has-post-thumbnail","6":"product_cat-serum-y-aceites","7":"desktop-align-left","8":"tablet-align-left","9":"mobile-align-left","11":"first","12":"outofstock","13":"shipping-taxable","14":"purchasable","15":"product-type-simple"},"jetpack_sharing_enabled":true,"_links":{"self":[{"href":"https:\/\/nicolestore.uy\/index.php\/wp-json\/wp\/v2\/product\/385","targetHints":{"allow":["GET"]}}],"collection":[{"href":"https:\/\/nicolestore.uy\/index.php\/wp-json\/wp\/v2\/product"}],"about":[{"href":"https:\/\/nicolestore.uy\/index.php\/wp-json\/wp\/v2\/types\/product"}],"version-history":[{"count":6,"href":"https:\/\/nicolestore.uy\/index.php\/wp-json\/wp\/v2\/product\/385\/revisions"}],"predecessor-version":[{"id":4807,"href":"https:\/\/nicolestore.uy\/index.php\/wp-json\/wp\/v2\/product\/385\/revisions\/4807"}],"wp:featuredmedia":[{"embeddable":true,"href":"https:\/\/nicolestore.uy\/index.php\/wp-json\/wp\/v2\/media\/386"}],"wp:attachment":[{"href":"https:\/\/nicolestore.uy\/index.php\/wp-json\/wp\/v2\/media?parent=385"}],"wp:term":[{"taxonomy":"product_brand","embeddable":true,"href":"https:\/\/nicolestore.uy\/index.php\/wp-json\/wp\/v2\/product_brand?post=385"},{"taxonomy":"product_cat","embeddable":true,"href":"https:\/\/nicolestore.uy\/index.php\/wp-json\/wp\/v2\/product_cat?post=385"},{"taxonomy":"product_tag","embeddable":true,"href":"https:\/\/nicolestore.uy\/index.php\/wp-json\/wp\/v2\/product_tag?post=385"}],"curies":[{"name":"wp","href":"https:\/\/api.w.org\/{rel}","templated":true}]}}