{"id":4837,"date":"2025-04-17T15:53:42","date_gmt":"2025-04-17T15:53:42","guid":{"rendered":"https:\/\/nicolestore.uy\/?post_type=product&#038;p=4837"},"modified":"2025-10-22T22:50:59","modified_gmt":"2025-10-22T22:50:59","slug":"cera-jabon-modelador-para-estilizar-cejas-efecto-laminado-2","status":"publish","type":"product","link":"https:\/\/nicolestore.uy\/index.php\/producto\/cera-jabon-modelador-para-estilizar-cejas-efecto-laminado-2\/","title":{"rendered":"Cera jab\u00f3n modelador para estilizar cejas, efecto laminado"},"content":{"rendered":"<p>Cera para peinar cejas, cera modelante, Brow Styling Wax.<br \/>\nIdeal para crear un efecto de cejas org\u00e1nicas y naturales, se adhiere muy bien.<br \/>\n-Forma natural: cejas m\u00e1s formadas por m\u00e1s tiempo.<br \/>\n-Secado r\u00e1pido: en tan s\u00f3lo 20 segundos de tocar la piel tendr\u00e1s un secado prolijo.<br \/>\n-Impermeable y a prueba de agua\/Waterproof: a prueba del sudor y libre de los efectos del verano.<br \/>\n-Fijaci\u00f3n incolora de larga duraci\u00f3n.<br \/>\nIncluye su cepillito.<br \/>\nActivalo con un poco de spray fijador o con agua.<\/p>\n","protected":false},"excerpt":{"rendered":"<p>Cera para peinar cejas, cera modelante, Brow Styling Wax. Ideal para crear un efecto de cejas org\u00e1nicas y naturales, se [&hellip;]<\/p>\n","protected":false},"featured_media":4839,"template":"","meta":{"site-sidebar-layout":"default","site-content-layout":"","ast-site-content-layout":"default","site-content-style":"default","site-sidebar-style":"default","ast-global-header-display":"","ast-banner-title-visibility":"","ast-main-header-display":"","ast-hfb-above-header-display":"","ast-hfb-below-header-display":"","ast-hfb-mobile-header-display":"","site-post-title":"","ast-breadcrumbs-content":"","ast-featured-img":"","footer-sml-layout":"","ast-disable-related-posts":"","theme-transparent-header-meta":"default","adv-header-id-meta":"","stick-header-meta":"","header-above-stick-meta":"","header-main-stick-meta":"","header-below-stick-meta":"","astra-migrate-meta-layouts":"set","ast-page-background-enabled":"default","ast-page-background-meta":{"desktop":{"background-color":"var(--ast-global-color-4)","background-image":"","background-repeat":"repeat","background-position":"center center","background-size":"auto","background-attachment":"scroll","background-type":"","background-media":"","overlay-type":"","overlay-color":"","overlay-opacity":"","overlay-gradient":""},"tablet":{"background-color":"","background-image":"","background-repeat":"repeat","background-position":"center center","background-size":"auto","background-attachment":"scroll","background-type":"","background-media":"","overlay-type":"","overlay-color":"","overlay-opacity":"","overlay-gradient":""},"mobile":{"background-color":"","background-image":"","background-repeat":"repeat","background-position":"center center","background-size":"auto","background-attachment":"scroll","background-type":"","background-media":"","overlay-type":"","overlay-color":"","overlay-opacity":"","overlay-gradient":""}},"ast-content-background-meta":{"desktop":{"background-color":"var(--ast-global-color-5)","background-image":"","background-repeat":"repeat","background-position":"center center","background-size":"auto","background-attachment":"scroll","background-type":"","background-media":"","overlay-type":"","overlay-color":"","overlay-opacity":"","overlay-gradient":""},"tablet":{"background-color":"var(--ast-global-color-5)","background-image":"","background-repeat":"repeat","background-position":"center center","background-size":"auto","background-attachment":"scroll","background-type":"","background-media":"","overlay-type":"","overlay-color":"","overlay-opacity":"","overlay-gradient":""},"mobile":{"background-color":"var(--ast-global-color-5)","background-image":"","background-repeat":"repeat","background-position":"center center","background-size":"auto","background-attachment":"scroll","background-type":"","background-media":"","overlay-type":"","overlay-color":"","overlay-opacity":"","overlay-gradient":""}}},"product_brand":[],"product_cat":[27],"product_tag":[],"class_list":{"0":"post-4837","1":"product","2":"type-product","3":"status-publish","4":"has-post-thumbnail","6":"product_cat-cejas","7":"desktop-align-left","8":"tablet-align-left","9":"mobile-align-left","11":"first","12":"outofstock","13":"shipping-taxable","14":"purchasable","15":"product-type-simple"},"jetpack_sharing_enabled":true,"_links":{"self":[{"href":"https:\/\/nicolestore.uy\/index.php\/wp-json\/wp\/v2\/product\/4837","targetHints":{"allow":["GET"]}}],"collection":[{"href":"https:\/\/nicolestore.uy\/index.php\/wp-json\/wp\/v2\/product"}],"about":[{"href":"https:\/\/nicolestore.uy\/index.php\/wp-json\/wp\/v2\/types\/product"}],"version-history":[{"count":1,"href":"https:\/\/nicolestore.uy\/index.php\/wp-json\/wp\/v2\/product\/4837\/revisions"}],"predecessor-version":[{"id":4841,"href":"https:\/\/nicolestore.uy\/index.php\/wp-json\/wp\/v2\/product\/4837\/revisions\/4841"}],"wp:featuredmedia":[{"embeddable":true,"href":"https:\/\/nicolestore.uy\/index.php\/wp-json\/wp\/v2\/media\/4839"}],"wp:attachment":[{"href":"https:\/\/nicolestore.uy\/index.php\/wp-json\/wp\/v2\/media?parent=4837"}],"wp:term":[{"taxonomy":"product_brand","embeddable":true,"href":"https:\/\/nicolestore.uy\/index.php\/wp-json\/wp\/v2\/product_brand?post=4837"},{"taxonomy":"product_cat","embeddable":true,"href":"https:\/\/nicolestore.uy\/index.php\/wp-json\/wp\/v2\/product_cat?post=4837"},{"taxonomy":"product_tag","embeddable":true,"href":"https:\/\/nicolestore.uy\/index.php\/wp-json\/wp\/v2\/product_tag?post=4837"}],"curies":[{"name":"wp","href":"https:\/\/api.w.org\/{rel}","templated":true}]}}